{"id":267858,"date":"2023-11-24T07:43:00","date_gmt":"2023-11-24T07:43:00","guid":{"rendered":"https:\/\/osvitkoisvetagadzinhan.mojaskola.org\/?page_id=267858"},"modified":"2026-02-26T10:17:12","modified_gmt":"2026-02-26T10:17:12","slug":"pravilnici","status":"publish","type":"page","link":"https:\/\/osvitkoisvetagadzinhan.mojaskola.org\/?page_id=267858","title":{"rendered":"\u041f\u0440\u0430\u0432\u0438\u043b\u043d\u0438\u0446\u0438"},"content":{"rendered":"<p>[et_pb_section fb_built=&#8221;1&#8243; _builder_version=&#8221;4.23.1&#8243; _module_preset=&#8221;default&#8221; global_colors_info=&#8221;{}&#8221;][et_pb_row _builder_version=&#8221;4.27.4&#8243; _module_preset=&#8221;default&#8221; global_colors_info=&#8221;{}&#8221;][et_pb_column type=&#8221;4_4&#8243; _builder_version=&#8221;4.27.4&#8243; _module_preset=&#8221;default&#8221; global_colors_info=&#8221;{}&#8221;][et_pb_text _builder_version=&#8221;4.27.5&#8243; _module_preset=&#8221;default&#8221; hover_enabled=&#8221;0&#8243; global_colors_info=&#8221;{}&#8221; sticky_enabled=&#8221;0&#8243;]<\/p>\n<p>&nbsp;<\/p>\n<p>&nbsp;<\/p>\n<p><a href=\"http:\/\/osvitkoisvetagadzinhan.mojaskola.org\/wp-content\/uploads\/sites\/75\/2026\/02\/Pravilnik-o-organizaciji-i-sistematizaciji-poslova-2024.docx\" rel=\"attachment wp-att-269848\">\u041f\u0440\u0430\u0432\u0438\u043b\u043d\u0438\u043a \u043e \u043e\u0440\u0433\u0430\u043d\u0438\u0437\u0430\u0446\u0438\u0458\u0438 \u0438 \u0441\u0438\u0441\u0442\u0435\u043c\u0430\u0442\u0438\u0437\u0430\u0446\u0438\u0458\u0438 \u043f\u043e\u0441\u043b\u043e\u0432\u0430 2024<\/a><\/p>\n<p><a href=\"http:\/\/osvitkoisvetagadzinhan.mojaskola.org\/wp-content\/uploads\/sites\/75\/2026\/02\/Statut-skole-2024.docx\" rel=\"attachment wp-att-269849\">\u0421\u0442\u0430\u0442\u0443\u0442 \u0448\u043a\u043e\u043b\u0435 2024<\/a><\/p>\n<p><a href=\"http:\/\/osvitkoisvetagadzinhan.mojaskola.org\/wp-content\/uploads\/sites\/75\/2026\/02\/Pravilnik-o-disciplinskoj-i-materijalnoj-odgovornosti-zaposlenih-u-ustanovi-obrazovanja-i-vaspitanja-2.docx\" rel=\"attachment wp-att-269850\">Pravilnik o disciplinskoj i materijalnoj odgovornosti zaposlenih u ustanovi obrazovanja i vaspitanja <\/a><\/p>\n<p><a href=\"http:\/\/osvitkoisvetagadzinhan.mojaskola.org\/wp-content\/uploads\/sites\/75\/2026\/02\/Pravila-ponasanja-u-ustanovi-obrazovanja-i-vaspitanja-NOVI.docx\" rel=\"attachment wp-att-269851\">Pravila pona\u0161anja u ustanovi obrazovanja i vaspitanja \u041d\u041e\u0412\u0418<\/a><\/p>\n<p><a href=\"http:\/\/osvitkoisvetagadzinhan.mojaskola.org\/wp-content\/uploads\/sites\/75\/2026\/02\/Pravilnik-o-merama-nacinu-i-postupku-zastite-i-bezbednosti-ucenika-za-vreme-boravka-u-skoli-i-svih-aktivnosti-koje-organizuje-skola-11.docx\" rel=\"attachment wp-att-269852\">Pravilnik o merama, na\u010dinu i postupku za\u0161tite i bezbednosti u\u010denika za vreme boravka u \u0161koli i svih aktivnosti koje organizuje \u0161kola\u00a0<\/a><\/p>\n<p><a href=\"http:\/\/osvitkoisvetagadzinhan.mojaskola.org\/wp-content\/uploads\/sites\/75\/2026\/02\/Pravilnik-o-vaspitno-disciplinskoj-odgovornosti-ucenika.doc\" rel=\"attachment wp-att-269853\">\u041f\u0440\u0430\u0432\u0438\u043b\u043d\u0438\u043a \u043e \u0432\u0430\u0441\u043f\u0438\u0442\u043d\u043e \u0434\u0438\u0441\u0446\u0438\u043f\u043b\u0438\u043d\u0441\u043a\u043e\u0458 \u043e\u0434\u0433\u043e\u0432\u043e\u0440\u043d\u043e\u0441\u0442\u0438 \u0443\u0447\u0435\u043d\u0438\u043a\u0430<\/a><\/p>\n<p><a href=\"http:\/\/osvitkoisvetagadzinhan.mojaskola.org\/wp-content\/uploads\/sites\/75\/2026\/02\/PRAVILNIK-O-RADU.docx\" rel=\"attachment wp-att-269855\">\u041f\u0420\u0410\u0412\u0418\u041b\u041d\u0418\u041a \u041e \u0420\u0410\u0414\u0423<\/a><\/p>\n<p><a href=\"http:\/\/osvitkoisvetagadzinhan.mojaskola.org\/wp-content\/uploads\/sites\/75\/2026\/02\/POSLOVNIK-O-RADU-SAVETA-RODITELJA.docx\" rel=\"attachment wp-att-269856\">\u041f\u041e\u0421\u041b\u041e\u0412\u041d\u0418\u041a \u041e \u0420\u0410\u0414\u0423 \u0421\u0410\u0412\u0415\u0422\u0410 \u0420\u041e\u0414\u0418\u0422\u0415\u0409\u0410<\/a><\/p>\n<p><a href=\"http:\/\/osvitkoisvetagadzinhan.mojaskola.org\/wp-content\/uploads\/sites\/75\/2026\/02\/POSLOVNIK-O-RADU-NASTAVNICKOG-VECA.docx\" rel=\"attachment wp-att-269857\">\u041f\u041e\u0421\u041b\u041e\u0412\u041d\u0418\u041a \u041e \u0420\u0410\u0414\u0423 \u041d\u0410\u0421\u0422\u0410\u0412\u041d\u0418\u0427\u041a\u041e\u0413 \u0412\u0415\u040b\u0410<\/a><\/p>\n<p><a href=\"http:\/\/osvitkoisvetagadzinhan.mojaskola.org\/wp-content\/uploads\/sites\/75\/2026\/02\/POSLOVNIK-O-RADU-SKOLSKOG-ODBORA.docx\" rel=\"attachment wp-att-269858\">\u041f\u041e\u0421\u041b\u041e\u0412\u041d\u0418\u041a \u041e \u0420\u0410\u0414\u0423 \u0428\u041a\u041e\u041b\u0421\u041a\u041e\u0413 \u041e\u0414\u0411\u041e\u0420\u0410<\/a><\/p>\n<p><a href=\"http:\/\/osvitkoisvetagadzinhan.mojaskola.org\/wp-content\/uploads\/sites\/75\/2026\/02\/Pravilnik-o-donacijama.docx\" rel=\"attachment wp-att-269859\">\u041f\u0440\u0430\u0432\u0438\u043b\u043d\u0438\u043a \u043e \u0434\u043e\u043d\u0430\u0446\u0438\u0458\u0430\u043c\u0430<\/a><\/p>\n<p><a href=\"http:\/\/osvitkoisvetagadzinhan.mojaskola.org\/wp-content\/uploads\/sites\/75\/2026\/02\/Pravilnik-o-nacinu-regulisanja-izostanaka-ucenika-novo.docx\" rel=\"attachment wp-att-269860\">\u041f\u0440\u0430\u0432\u0438\u043b\u043d\u0438\u043a \u043e \u043d\u0430\u0447\u0438\u043d\u0443 \u0440\u0435\u0433\u0443\u043b\u0438\u0441\u0430\u045a\u0430 \u0438\u0437\u043e\u0441\u0442\u0430\u043d\u0430\u043a\u0430 \u0443\u0447\u0435\u043d\u0438\u043a\u0430- \u043d\u043e\u0432\u043e<\/a><\/p>\n<p><a href=\"http:\/\/osvitkoisvetagadzinhan.mojaskola.org\/wp-content\/uploads\/sites\/75\/2026\/02\/Pravilnik-o-nacinu-evidentiranja-i-pracenja-drustveno-korisnog-odnosno-humanitarnog-rada-i-izvestavanja-o-njegovim-efektima-2.docx\" rel=\"attachment wp-att-269861\">Pravilnik o na\u010dinu evidentiranja i pra\u0107enja dru\u0161tveno-korisnog, odnosno humanitarnog rada i izve\u0161tavanja o njegovim efektima\u00a0<\/a><\/p>\n<p><a href=\"http:\/\/osvitkoisvetagadzinhan.mojaskola.org\/wp-content\/uploads\/sites\/75\/2026\/02\/PRAVILNIK-o-upotrebi-mobilnog-telefona-1-2.docx\" rel=\"attachment wp-att-269864\">\u041f\u0420\u0410\u0412\u0418\u041b\u041d\u0418\u041a \u043e \u0443\u043f\u043e\u0442\u0440\u0435\u0431\u0438 \u043c\u043e\u0431\u0438\u043b\u043d\u043e\u0433 \u0442\u0435\u043b\u0435\u0444\u043e\u043d\u0430\u00a0<\/a><\/p>\n<p><a href=\"http:\/\/osvitkoisvetagadzinhan.mojaskola.org\/wp-content\/uploads\/sites\/75\/2026\/02\/PRAVILNIK-O-OBAVLJANJU-ORGANIZOVANOG-PREVOZA-DECE-nas.docx\" rel=\"attachment wp-att-269865\">\u041f\u0420\u0410\u0412\u0418\u041b\u041d\u0418\u041a \u041e \u041e\u0411\u0410\u0412\u0409\u0410\u040a\u0423 \u041e\u0420\u0413\u0410\u041d\u0418\u0417\u041e\u0412\u0410\u041d\u041e\u0413 \u041f\u0420\u0415\u0412\u041e\u0417\u0410 \u0414\u0415\u0426\u0415<\/a><\/p>\n<p>[\/et_pb_text][et_pb_text _builder_version=&#8221;4.27.4&#8243; _module_preset=&#8221;default&#8221; global_colors_info=&#8221;{}&#8221;]<\/p>\n<p><a href=\"http:\/\/osvitkoisvetagadzinhan.mojaskola.org\/wp-content\/uploads\/sites\/75\/2025\/01\/Pravilnik-o-nacinu-evidentiranja-i-pracenja-drustveno-korisnog-odnosno-humanitarnog-rada-i-izvestavanja-o-njegovim-efektima-2-1.docx\" rel=\"attachment wp-att-269210\">Pravilnik o na\u010dinu evidentiranja i pra\u0107enja dru\u0161tveno-korisnog, odnosno humanitarnog rada i izve\u0161tavanja o njegovim efektima <\/a><a href=\"http:\/\/osvitkoisvetagadzinhan.mojaskola.org\/wp-content\/uploads\/sites\/75\/2025\/01\/Pravilnik-o-nacinu-regulisanja-izostanaka-ucenika-novo-1.docx\" rel=\"attachment wp-att-269211\">\u041f\u0440\u0430\u0432\u0438\u043b\u043d\u0438\u043a \u043e \u043d\u0430\u0447\u0438\u043d\u0443 \u0440\u0435\u0433\u0443\u043b\u0438\u0441\u0430\u045a\u0430 \u0438\u0437\u043e\u0441\u0442\u0430\u043d\u0430\u043a\u0430 \u0443\u0447\u0435\u043d\u0438\u043a\u0430- \u043d\u043e\u0432\u043e <\/a><\/p>\n<p><a href=\"http:\/\/osvitkoisvetagadzinhan.mojaskola.org\/wp-content\/uploads\/sites\/75\/2025\/01\/Pravilnik-o-donacijama.docx\" rel=\"attachment wp-att-269212\">\u041f\u0440\u0430\u0432\u0438\u043b\u043d\u0438\u043a \u043e \u0434\u043e\u043d\u0430\u0446\u0438\u0458\u0430\u043c\u0430<\/a> <a href=\"http:\/\/osvitkoisvetagadzinhan.mojaskola.org\/wp-content\/uploads\/sites\/75\/2025\/01\/Skolski-program-2023-2024-2026-2027.docx\" rel=\"attachment wp-att-269213\">\u0428\u043a\u043e\u043b\u0441\u043a\u0438 \u043f\u0440\u043e\u0433\u0440\u0430\u043c 2023-2024&#8211;2026-2027<\/a><\/p>\n<p>&nbsp;<\/p>\n<p><a href=\"http:\/\/osvitkoisvetagadzinhan.mojaskola.org\/wp-content\/uploads\/sites\/75\/2025\/01\/PRAVILNIK-o-upotrebi-mobilnog-telefona-1-2.docx\" rel=\"attachment wp-att-269214\">\u041f\u0420\u0410\u0412\u0418\u041b\u041d\u0418\u041a \u043e \u0443\u043f\u043e\u0442\u0440\u0435\u0431\u0438 \u043c\u043e\u0431\u0438\u043b\u043d\u043e\u0433 \u0442\u0435\u043b\u0435\u0444\u043e\u043d\u0430 <\/a> <a href=\"http:\/\/osvitkoisvetagadzinhan.mojaskola.org\/wp-content\/uploads\/sites\/75\/2025\/01\/Razvojni-plan-20-25.docx\" rel=\"attachment wp-att-269215\">\u0420\u0430\u0437\u0432\u043e\u0458\u043d\u0438 \u043f\u043b\u0430\u043d 20-2025<\/a><\/p>\n<p>[\/et_pb_text][et_pb_text _builder_version=&#8221;4.27.4&#8243; _module_preset=&#8221;default&#8221; global_colors_info=&#8221;{}&#8221;]<\/p>\n<p><a href=\"http:\/\/osvitkoisvetagadzinhan.mojaskola.org\/wp-content\/uploads\/sites\/75\/2025\/02\/Pravilnik-o-nacinu-regulisanja-izostanaka-ucenika-novo-3.docx\" rel=\"attachment wp-att-269326\">\u041f\u0440\u0430\u0432\u0438\u043b\u043d\u0438\u043a \u043e \u043d\u0430\u0447\u0438\u043d\u0443 \u0440\u0435\u0433\u0443\u043b\u0438\u0441\u0430\u045a\u0430 \u0438\u0437\u043e\u0441\u0442\u0430\u043d\u0430\u043a\u0430 \u0443\u0447\u0435\u043d\u0438\u043a\u0430- \u043d\u043e\u0432\u043e<\/a><\/p>\n<p><a href=\"http:\/\/osvitkoisvetagadzinhan.mojaskola.org\/wp-content\/uploads\/sites\/75\/2025\/02\/Aneks-SP-Dodata-tranzicija-kod-osipanja-2024-2025.docx\" rel=\"attachment wp-att-269327\">\u0410\u043d\u0435\u043a\u0441 \u0428\u041f- \u0414\u043e\u0434\u0430\u0442\u0430 \u0442\u0440\u0430\u043d\u0437\u0438\u0446\u0438\u0458\u0430 \u043a\u043e\u0434 \u043e\u0441\u0438\u043f\u0430\u045a\u0430 2024-2025.<\/a><\/p>\n<p><a href=\"http:\/\/osvitkoisvetagadzinhan.mojaskola.org\/wp-content\/uploads\/sites\/75\/2025\/02\/Aneks-GPRS.docx\" rel=\"attachment wp-att-269328\">\u0410\u043d\u0435\u043a\u0441 \u0413\u041f\u0420\u0428<\/a><\/p>\n<p>&nbsp;<\/p>\n<p>&nbsp;<\/p>\n<p>[\/et_pb_text][et_pb_text _builder_version=&#8221;4.27.4&#8243; _module_preset=&#8221;default&#8221; global_colors_info=&#8221;{}&#8221;]<\/p>\n<p><a href=\"http:\/\/osvitkoisvetagadzinhan.mojaskola.org\/wp-content\/uploads\/sites\/75\/2025\/02\/Razvojni-plan-skole-2025-2028.docx\" rel=\"attachment wp-att-269330\">\u0420\u0430\u0437\u0432\u043e\u0458\u043d\u0438 \u043f\u043b\u0430\u043d \u0448\u043a\u043e\u043b\u0435 2025-2028&#8230;..<\/a><\/p>\n<p>[\/et_pb_text][et_pb_text _builder_version=&#8221;4.27.4&#8243; _module_preset=&#8221;default&#8221; global_colors_info=&#8221;{}&#8221;]<\/p>\n<p><a href=\"http:\/\/osvitkoisvetagadzinhan.mojaskola.org\/wp-content\/uploads\/sites\/75\/2025\/01\/POSLOVNIK-O-RADU-UCENICKOG-PARLAMETA.docx\" rel=\"attachment wp-att-269217\">\u041f\u041e\u0421\u041b\u041e\u0412\u041d\u0418\u041a \u041e \u0420\u0410\u0414\u0423 \u0423\u0427\u0415\u041d\u0418\u0427\u041a\u041e\u0413 \u041f\u0410\u0420\u041b\u0410\u041c\u0415\u0422\u0410<\/a><\/p>\n<p>[\/et_pb_text][\/et_pb_column][\/et_pb_row][\/et_pb_section]<\/p>\n","protected":false},"excerpt":{"rendered":"<p>&nbsp; &nbsp; \u041f\u0440\u0430\u0432\u0438\u043b\u043d\u0438\u043a \u043e \u043e\u0440\u0433\u0430\u043d\u0438\u0437\u0430\u0446\u0438\u0458\u0438 \u0438 \u0441\u0438\u0441\u0442\u0435\u043c\u0430\u0442\u0438\u0437\u0430\u0446\u0438\u0458\u0438 \u043f\u043e\u0441\u043b\u043e\u0432\u0430 2024 \u0421\u0442\u0430\u0442\u0443\u0442 \u0448\u043a\u043e\u043b\u0435 2024 Pravilnik o disciplinskoj i materijalnoj odgovornosti zaposlenih u ustanovi obrazovanja i vaspitanja Pravila pona\u0161anja u ustanovi obrazovanja i vaspitanja \u041d\u041e\u0412\u0418 Pravilnik o merama, na\u010dinu i postupku za\u0161tite i bezbednosti u\u010denika za vreme boravka u \u0161koli i svih aktivnosti koje organizuje \u0161kola\u00a0 \u041f\u0440\u0430\u0432\u0438\u043b\u043d\u0438\u043a \u043e [&hellip;]<\/p>\n","protected":false},"author":330,"featured_media":0,"parent":0,"menu_order":0,"comment_status":"closed","ping_status":"closed","template":"","meta":{"_et_pb_use_builder":"on","_et_pb_old_content":"","_et_gb_content_width":"","footnotes":""},"class_list":["post-267858","page","type-page","status-publish","hentry"],"_links":{"self":[{"href":"https:\/\/osvitkoisvetagadzinhan.mojaskola.org\/index.php?rest_route=\/wp\/v2\/pages\/267858","targetHints":{"allow":["GET"]}}],"collection":[{"href":"https:\/\/osvitkoisvetagadzinhan.mojaskola.org\/index.php?rest_route=\/wp\/v2\/pages"}],"about":[{"href":"https:\/\/osvitkoisvetagadzinhan.mojaskola.org\/index.php?rest_route=\/wp\/v2\/types\/page"}],"author":[{"embeddable":true,"href":"https:\/\/osvitkoisvetagadzinhan.mojaskola.org\/index.php?rest_route=\/wp\/v2\/users\/330"}],"replies":[{"embeddable":true,"href":"https:\/\/osvitkoisvetagadzinhan.mojaskola.org\/index.php?rest_route=%2Fwp%2Fv2%2Fcomments&post=267858"}],"version-history":[{"count":3,"href":"https:\/\/osvitkoisvetagadzinhan.mojaskola.org\/index.php?rest_route=\/wp\/v2\/pages\/267858\/revisions"}],"predecessor-version":[{"id":269870,"href":"https:\/\/osvitkoisvetagadzinhan.mojaskola.org\/index.php?rest_route=\/wp\/v2\/pages\/267858\/revisions\/269870"}],"wp:attachment":[{"href":"https:\/\/osvitkoisvetagadzinhan.mojaskola.org\/index.php?rest_route=%2Fwp%2Fv2%2Fmedia&parent=267858"}],"curies":[{"name":"wp","href":"https:\/\/api.w.org\/{rel}","templated":true}]}}